{"id":309,"date":"2025-10-01T23:38:06","date_gmt":"2025-10-01T23:38:06","guid":{"rendered":"https:\/\/tupisonuevo.com\/?post_type=product&#038;p=309"},"modified":"2025-10-01T23:38:06","modified_gmt":"2025-10-01T23:38:06","slug":"piso-vinilico-de-2-5-milimetros-de-espesor-nordic","status":"publish","type":"product","link":"https:\/\/tupisonuevo.com\/?product=piso-vinilico-de-2-5-milimetros-de-espesor-nordic","title":{"rendered":"Piso Vin\u00edlico de 2.5 mil\u00edmetros de espesor &#8211; NORDIC"},"content":{"rendered":"","protected":false},"excerpt":{"rendered":"<p>Piso Vin\u00edlico de 2.5 mil\u00edmetros de espesor &#8211; NORDIC<\/p>\n<ul>\n<li>Alto Tr\u00e1fico<\/li>\n<li>Resistente al Agua<\/li>\n<li>Resistente al Fuego<\/li>\n<\/ul>\n<p>Se vende con pegamento incluido. F\u00e1cil de instalar y posee garant\u00eda.<\/p>\n","protected":false},"featured_media":315,"comment_status":"open","ping_status":"closed","template":"single-product","meta":{"saved_in_kubio":false},"product_brand":[25],"product_cat":[31,22],"product_tag":[],"class_list":{"0":"post-309","1":"product","2":"type-product","3":"status-publish","4":"has-post-thumbnail","6":"product_brand-nordic","7":"product_cat-2-5mm","8":"product_cat-pisos","10":"first","11":"instock","12":"shipping-taxable","13":"product-type-simple"},"_links":{"self":[{"href":"https:\/\/tupisonuevo.com\/index.php?rest_route=\/wp\/v2\/product\/309","targetHints":{"allow":["GET"]}}],"collection":[{"href":"https:\/\/tupisonuevo.com\/index.php?rest_route=\/wp\/v2\/product"}],"about":[{"href":"https:\/\/tupisonuevo.com\/index.php?rest_route=\/wp\/v2\/types\/product"}],"replies":[{"embeddable":true,"href":"https:\/\/tupisonuevo.com\/index.php?rest_route=%2Fwp%2Fv2%2Fcomments&post=309"}],"wp:featuredmedia":[{"embeddable":true,"href":"https:\/\/tupisonuevo.com\/index.php?rest_route=\/wp\/v2\/media\/315"}],"wp:attachment":[{"href":"https:\/\/tupisonuevo.com\/index.php?rest_route=%2Fwp%2Fv2%2Fmedia&parent=309"}],"wp:term":[{"taxonomy":"product_brand","embeddable":true,"href":"https:\/\/tupisonuevo.com\/index.php?rest_route=%2Fwp%2Fv2%2Fproduct_brand&post=309"},{"taxonomy":"product_cat","embeddable":true,"href":"https:\/\/tupisonuevo.com\/index.php?rest_route=%2Fwp%2Fv2%2Fproduct_cat&post=309"},{"taxonomy":"product_tag","embeddable":true,"href":"https:\/\/tupisonuevo.com\/index.php?rest_route=%2Fwp%2Fv2%2Fproduct_tag&post=309"}],"curies":[{"name":"wp","href":"https:\/\/api.w.org\/{rel}","templated":true}]}}